{"id":1893,"date":"2020-09-30T09:28:43","date_gmt":"2020-09-30T15:28:43","guid":{"rendered":"http:\/\/periodonciamerida.com\/nuevositioweb\/?page_id=1893"},"modified":"2020-10-21T06:49:07","modified_gmt":"2020-10-21T12:49:07","slug":"contact-us","status":"publish","type":"page","link":"https:\/\/www.periodonciamerida.com\/en\/contact-us\/","title":{"rendered":"CONTACT US"},"content":{"rendered":"<p>[vc_row][vc_column][vc_column_text]<iframe loading=\"lazy\" style=\"border: 0;\" tabindex=\"0\" src=\"https:\/\/www.google.com\/maps\/embed?pb=!1m14!1m8!1m3!1d14898.107393144677!2d-89.5983231!3d21.0115954!3m2!1i1024!2i768!4f13.1!3m3!1m2!1s0x0%3A0xfb6ea9332cf6678c!2sConsultorio%20Gonz%C3%A1lez%20Reyes!5e0!3m2!1ses-419!2smx!4v1601479654118!5m2!1ses-419!2smx\" width=\"100%\" height=\"450\" frameborder=\"0\" allowfullscreen=\"allowfullscreen\" aria-hidden=\"false\"><\/iframe>[\/vc_column_text][\/vc_column][\/vc_row][vc_row][vc_column width=&#8221;1\/2&#8243;][vc_column_text]Calle 4 (Avenida Shutan Medina) #119 por 15 y 13<br \/>\nFraccionamiento Montecristo M\u00e9rida 97133 M\u00e9xico<br \/>\nTel\u00e9fono: (999) 287.12.00<br \/>\nM\u00f3vil: 999.142.73.09<br \/>\nhttp:\/\/www.periodonciamerida.com[\/vc_column_text][vc_single_image image=&#8221;1759&#8243; img_size=&#8221;full&#8221; alignment=&#8221;center&#8221;][\/vc_column][vc_column width=&#8221;1\/2&#8243;]\n<div class=\"wpcf7 no-js\" id=\"wpcf7-f1898-o1\" lang=\"es-MX\" dir=\"ltr\" data-wpcf7-id=\"1898\">\n<div class=\"screen-reader-response\"><p role=\"status\" aria-live=\"polite\" aria-atomic=\"true\"><\/p> <ul><\/ul><\/div>\n<form action=\"\/en\/wp-json\/wp\/v2\/pages\/1893#wpcf7-f1898-o1\" method=\"post\" class=\"wpcf7-form init\" aria-label=\"Formulario de contacto\" novalidate=\"novalidate\" data-status=\"init\">\n<div style=\"display: none;\">\n<input type=\"hidden\" name=\"_wpcf7\" value=\"1898\" \/>\n<input type=\"hidden\" name=\"_wpcf7_version\" value=\"6.0.4\" \/>\n<input type=\"hidden\" name=\"_wpcf7_locale\" value=\"es_MX\" \/>\n<input type=\"hidden\" name=\"_wpcf7_unit_tag\" value=\"wpcf7-f1898-o1\" \/>\n<input type=\"hidden\" name=\"_wpcf7_container_post\" value=\"0\" \/>\n<input type=\"hidden\" name=\"_wpcf7_posted_data_hash\" value=\"\" \/>\n<\/div>\n<p><label> Name (req)<br \/>\n<span class=\"wpcf7-form-control-wrap\" data-name=\"your-name\"><input size=\"40\" maxlength=\"400\" class=\"wpcf7-form-control wpcf7-text wpcf7-validates-as-required\" aria-required=\"true\" aria-invalid=\"false\" value=\"\" type=\"text\" name=\"your-name\" \/><\/span> <\/label>\n<\/p>\n<p><label> E-mail (req)<br \/>\n<span class=\"wpcf7-form-control-wrap\" data-name=\"your-email\"><input size=\"40\" maxlength=\"400\" class=\"wpcf7-form-control wpcf7-email wpcf7-validates-as-required wpcf7-text wpcf7-validates-as-email\" aria-required=\"true\" aria-invalid=\"false\" value=\"\" type=\"email\" name=\"your-email\" \/><\/span> <\/label>\n<\/p>\n<p><label> Subject (req)<br \/>\n<span class=\"wpcf7-form-control-wrap\" data-name=\"your-subject\"><input size=\"40\" maxlength=\"400\" class=\"wpcf7-form-control wpcf7-text wpcf7-validates-as-required\" aria-required=\"true\" aria-invalid=\"false\" value=\"\" type=\"text\" name=\"your-subject\" \/><\/span> <\/label>\n<\/p>\n<p><label> Message (req)<br \/>\n<span class=\"wpcf7-form-control-wrap\" data-name=\"your-message\"><textarea cols=\"40\" rows=\"10\" maxlength=\"2000\" class=\"wpcf7-form-control wpcf7-textarea wpcf7-validates-as-required\" aria-required=\"true\" aria-invalid=\"false\" name=\"your-message\"><\/textarea><\/span> <\/label>\n<\/p>\n<p><input class=\"wpcf7-form-control wpcf7-submit has-spinner\" type=\"submit\" value=\"Send\" \/>\n<\/p><div class=\"wpcf7-response-output\" aria-hidden=\"true\"><\/div>\n<\/form>\n<\/div>\n[\/vc_column][\/vc_row]<\/p>\n","protected":false},"excerpt":{"rendered":"<p>[vc_row][vc_column][vc_column_text][\/vc_column_text][\/vc_column][\/vc_row][vc_row][vc_column width=&#8221;1\/2&#8243;][vc_column_text]Calle 4 (Avenida Shutan Medina) #119 por 15 y 13 Fraccionamiento Montecristo M\u00e9rida 97133 M\u00e9xico Tel\u00e9fono: (999) 287.12.00 M\u00f3vil: 999.142.73.09 http:\/\/www.periodonciamerida.com[\/vc_column_text][vc_single_image image=&#8221;1759&#8243; img_size=&#8221;full&#8221; alignment=&#8221;center&#8221;][\/vc_column][vc_column width=&#8221;1\/2&#8243;][\/vc_column][\/vc_row]<\/p>\n","protected":false},"author":1,"featured_media":0,"parent":0,"menu_order":0,"comment_status":"closed","ping_status":"closed","template":"","meta":[],"class_list":["post-1893","page","type-page","status-publish","hentry","description-off"],"_links":{"self":[{"href":"https:\/\/www.periodonciamerida.com\/en\/wp-json\/wp\/v2\/pages\/1893","targetHints":{"allow":["GET"]}}],"collection":[{"href":"https:\/\/www.periodonciamerida.com\/en\/wp-json\/wp\/v2\/pages"}],"about":[{"href":"https:\/\/www.periodonciamerida.com\/en\/wp-json\/wp\/v2\/types\/page"}],"author":[{"embeddable":true,"href":"https:\/\/www.periodonciamerida.com\/en\/wp-json\/wp\/v2\/users\/1"}],"replies":[{"embeddable":true,"href":"https:\/\/www.periodonciamerida.com\/en\/wp-json\/wp\/v2\/comments?post=1893"}],"version-history":[{"count":8,"href":"https:\/\/www.periodonciamerida.com\/en\/wp-json\/wp\/v2\/pages\/1893\/revisions"}],"predecessor-version":[{"id":1986,"href":"https:\/\/www.periodonciamerida.com\/en\/wp-json\/wp\/v2\/pages\/1893\/revisions\/1986"}],"wp:attachment":[{"href":"https:\/\/www.periodonciamerida.com\/en\/wp-json\/wp\/v2\/media?parent=1893"}],"curies":[{"name":"wp","href":"https:\/\/api.w.org\/{rel}","templated":true}]}}